{"id":13846,"date":"2014-03-25T15:43:29","date_gmt":"2014-03-25T15:43:29","guid":{"rendered":"http:\/\/demo.select-themes.com\/nouveau\/?page_id=13846"},"modified":"2014-03-25T15:43:29","modified_gmt":"2014-03-25T15:43:29","slug":"testimonials","status":"publish","type":"page","link":"https:\/\/www.multiservicios.com.ar\/index.php\/testimonials\/","title":{"rendered":"Testimonials"},"content":{"rendered":"<div    class=\"vc_row wpb_row section vc_row-fluid grid_section\" style=' padding-top:140px; padding-bottom:30px; text-align:left;'><div class=\" section_inner clearfix\"><div class='section_inner_margin clearfix'>\n\t<div class=\"vc_col-sm-12 wpb_column vc_column_container\">\n\t\t<div class=\"wpb_wrapper\">\n\t\t\t<div class='testimonials_holder simple clearfix'><div class=\"testimonials with_control purple_control testimonials_carousel\" style=\"\"><ul class=\"slides\"><li id=\"testimonials15528\" class=\"testimonial_content\"><div class=\"testimonial_content_inner\"><div class=\"testimonial_text_holder\"><div class=\"testimonial_text_inner\"><h4 style=\"\">El aprendizaje es un simple ap\u00e9ndice de nosotros mismos; dondequiera que estemos, est\u00e1 tambi\u00e9n nuestro aprendizaje<\/h4><h5 style=\"\">WILLIAM SHAKESPEARE<\/h5><\/div><\/div><\/div><\/li><li id=\"testimonials15527\" class=\"testimonial_content\"><div class=\"testimonial_content_inner\"><div class=\"testimonial_text_holder\"><div class=\"testimonial_text_inner\"><h4 style=\"\">En realidad las cosas verdaderamente dif\u00edciles son todo lo que la gente cree poder hacer a cada momento.<\/h4><h5 style=\"\">JULIO CORT\u00c1ZAR<\/h5><\/div><\/div><\/div><\/li><li id=\"testimonials14790\" class=\"testimonial_content\"><div class=\"testimonial_content_inner\"><div class=\"testimonial_text_holder\"><div class=\"testimonial_text_inner\"><h4 style=\"\">Las grandes ideas son aquellas de las que lo \u00fanico que nos sorprende es que no se nos hayan ocurrido antes.<\/h4><h5 style=\"\">NOEL CLARAS\u00d3<\/h5><\/div><\/div><\/div><\/li><li id=\"testimonials14789\" class=\"testimonial_content\"><div class=\"testimonial_content_inner\"><div class=\"testimonial_text_holder\"><div class=\"testimonial_text_inner\"><h4 style=\"\">It is better to lead from behind and to put others in front, especially when you celebrate victory when nice things occur.\nYou take the front line when there is danger. Then people will appreciate your leadership.<\/h4><h5 style=\"\">ROBERT FORD<\/h5><\/div><\/div><\/div><\/li><\/ul><\/div><\/div><div class=\"separator  transparent center  \" style=\"margin-top:120px;margin-bottom:0px;\"><\/div>\n\n\t\t<\/div> \n\t<\/div> \n<\/div><\/div><\/div>\n","protected":false},"excerpt":{"rendered":"","protected":false},"author":1,"featured_media":0,"parent":0,"menu_order":0,"comment_status":"open","ping_status":"open","template":"full_width.php","meta":{"footnotes":""},"_links":{"self":[{"href":"https:\/\/www.multiservicios.com.ar\/index.php\/wp-json\/wp\/v2\/pages\/13846"}],"collection":[{"href":"https:\/\/www.multiservicios.com.ar\/index.php\/wp-json\/wp\/v2\/pages"}],"about":[{"href":"https:\/\/www.multiservicios.com.ar\/index.php\/wp-json\/wp\/v2\/types\/page"}],"author":[{"embeddable":true,"href":"https:\/\/www.multiservicios.com.ar\/index.php\/wp-json\/wp\/v2\/users\/1"}],"replies":[{"embeddable":true,"href":"https:\/\/www.multiservicios.com.ar\/index.php\/wp-json\/wp\/v2\/comments?post=13846"}],"version-history":[{"count":0,"href":"https:\/\/www.multiservicios.com.ar\/index.php\/wp-json\/wp\/v2\/pages\/13846\/revisions"}],"wp:attachment":[{"href":"https:\/\/www.multiservicios.com.ar\/index.php\/wp-json\/wp\/v2\/media?parent=13846"}],"curies":[{"name":"wp","href":"https:\/\/api.w.org\/{rel}","templated":true}]}}