{"id":1452,"date":"2013-10-16T12:05:38","date_gmt":"2013-10-16T12:05:38","guid":{"rendered":"http:\/\/demo.select-themes.com\/nouveau\/?page_id=1452"},"modified":"2026-01-14T11:39:58","modified_gmt":"2026-01-14T14:39:58","slug":"contacto","status":"publish","type":"page","link":"https:\/\/www.multiservicios.com.ar\/index.php\/contacto\/","title":{"rendered":"Contacto"},"content":{"rendered":"<div    class=\"vc_row wpb_row section vc_row-fluid\" style=' padding-top:73px; text-align:left;'><div class=\" full_section_inner clearfix\">\n\t<div class=\"vc_col-sm-12 wpb_column vc_column_container\">\n\t\t<div class=\"wpb_wrapper\">\n\t\t\t<div class='q_icon_with_title medium normal_icon with_border_line left_from_title'><div class=\"icon_text_holder\"><div class=\"icon_text_inner\" style=\"\"><div class=\"icon_title_holder\"><div class=\"icon_holder \" style=\" \"><span style=\"\" class=\"q_font_awsome_icon fa-3x \"><i class=\"fa fa-phone\" style=\"color: #d9d9d9;\"><\/i><\/span><\/div><h4 class=\"icon_title\" style=\"\">Revista Multiservicios<br \/>\n32 a\u00f1os al Servicios de la Lavander\u00eda y Tintorer\u00eda<br \/>\n<\/h4><\/div><p style=''><\/p><\/div><\/div><\/div><div class=\"separator  transparent center  \" style=\"margin-top:-19px;margin-bottom:0px;\"><\/div>\n\n\t<div class=\"wpb_text_column wpb_content_element \">\n\t\t<div class=\"wpb_wrapper\">\n\t\t\t<p>Pichincha 1270 \u2013 CP. 1249, Ciudad Aut\u00f3noma de Buenos Aires<\/p>\n<p>Cel +54 911 4054.8230<\/p>\n<p><a href=\"http:\/\/www.multiservicios.com.ar\/\" target=\"_blank\" rel=\"noopener\" data-saferedirecturl=\"https:\/\/www.google.com\/url?q=http:\/\/www.multiservicios.com.ar&amp;source=gmail&amp;ust=1641384595591000&amp;usg=AOvVaw16K9blqUZBFuRS1nyagJqm\">www.multiservicios.com.ar<\/a><\/p>\n<p><a href=\"http:\/\/www.multiserviciosmagazine.blogspot.com\/\" target=\"_blank\" rel=\"noopener\" data-saferedirecturl=\"https:\/\/www.google.com\/url?q=http:\/\/www.multiserviciosmagazine.blogspot.com&amp;source=gmail&amp;ust=1641384595591000&amp;usg=AOvVaw2sCPB6BVKY9RvzW8nKHwPx\">www.multiserviciosmagazine.<wbr \/>blogspot.com<\/a><\/p>\n<p><a href=\"mailto:multiserviciosmagazine@gmail.com\" target=\"_blank\" rel=\"noopener\">multiserviciosmagazine@gmail.com<\/a><wbr \/><\/p>\n<p><a href=\"mailto:Jorge_multi@hotmail.com\" target=\"_blank\" rel=\"noopener\">Jorge_multi@hotmail.com<\/a><\/p>\n<p><a href=\"mailto:jorgecristina47@gmail.com\" target=\"_blank\" rel=\"noopener\">jorgecristina47@gmail.com<\/a><\/p>\n\n\t\t<\/div> \n\t<\/div> <div class=\"separator  transparent center  \" style=\"margin-top:40px;margin-bottom:0px;\"><\/div>\n\n\t\t<\/div> \n\t<\/div> \n<\/div><\/div>\n","protected":false},"excerpt":{"rendered":"Revista Multiservicios 32 a\u00f1os al Servicios de la Lavander\u00eda y Tintorer\u00eda Pichincha 1270 \u2013 CP. 1249, Ciudad Aut\u00f3noma de Buenos Aires Cel +54 911 4054.8230 www.multiservicios.com.ar www.multiserviciosmagazine.blogspot.com multiserviciosmagazine@gmail.com Jorge_multi@hotmail.com jorgecristina47@gmail.com","protected":false},"author":1,"featured_media":0,"parent":0,"menu_order":0,"comment_status":"open","ping_status":"open","template":"contact-page.php","meta":{"footnotes":""},"_links":{"self":[{"href":"https:\/\/www.multiservicios.com.ar\/index.php\/wp-json\/wp\/v2\/pages\/1452"}],"collection":[{"href":"https:\/\/www.multiservicios.com.ar\/index.php\/wp-json\/wp\/v2\/pages"}],"about":[{"href":"https:\/\/www.multiservicios.com.ar\/index.php\/wp-json\/wp\/v2\/types\/page"}],"author":[{"embeddable":true,"href":"https:\/\/www.multiservicios.com.ar\/index.php\/wp-json\/wp\/v2\/users\/1"}],"replies":[{"embeddable":true,"href":"https:\/\/www.multiservicios.com.ar\/index.php\/wp-json\/wp\/v2\/comments?post=1452"}],"version-history":[{"count":6,"href":"https:\/\/www.multiservicios.com.ar\/index.php\/wp-json\/wp\/v2\/pages\/1452\/revisions"}],"predecessor-version":[{"id":19172,"href":"https:\/\/www.multiservicios.com.ar\/index.php\/wp-json\/wp\/v2\/pages\/1452\/revisions\/19172"}],"wp:attachment":[{"href":"https:\/\/www.multiservicios.com.ar\/index.php\/wp-json\/wp\/v2\/media?parent=1452"}],"curies":[{"name":"wp","href":"https:\/\/api.w.org\/{rel}","templated":true}]}}