{"id":14840,"date":"2014-04-02T07:11:58","date_gmt":"2014-04-02T07:11:58","guid":{"rendered":"http:\/\/demo.select-themes.com\/nouveau\/?page_id=14840"},"modified":"2015-12-15T13:28:45","modified_gmt":"2015-12-15T16:28:45","slug":"lavado-ropa-hospitalaria","status":"publish","type":"page","link":"https:\/\/www.multiservicios.com.ar\/index.php\/lavado-ropa-hospitalaria\/","title":{"rendered":"La mejor informaci\u00f3n"},"content":{"rendered":"<div    class=\"vc_row wpb_row section vc_row-fluid grid_section\" style='background-color:#f8f8f8; padding-top:58px; text-align:left;'><div class=\" section_inner clearfix\"><div class='section_inner_margin clearfix'>\n\t<div class=\"vc_col-sm-12 wpb_column vc_column_container\">\n\t\t<div class=\"wpb_wrapper\">\n\t\t\t<div class=\"separator  transparent center  \" style=\"margin-top:1px;margin-bottom:0px;\"><\/div>\n\n\t<div class=\"wpb_text_column wpb_content_element \">\n\t\t<div class=\"wpb_wrapper\">\n\t\t\t<h3><em><strong>Bases Fundamentales del M\u00e9todo de Lavado de Ropa Hospitalaria<\/strong><\/em><\/h3>\n<p><strong><em>Por Lic. Daniel Nielsen 02477-15565313\/420877-<\/em> <em><a href=\"mailto:dnielsen@avccanal6.com.ar\">dnielsen@avccanal6.com.ar<\/a><\/em><\/strong><\/p>\n\n\t\t<\/div> \n\t<\/div> <div class=\"separator  transparent center  \" style=\"margin-top:12px;margin-bottom:0px;\"><\/div>\n\n\t<div class=\"wpb_text_column wpb_content_element \">\n\t\t<div class=\"wpb_wrapper\">\n\t\t\t<p>Lo principal inicialmente es la selecci\u00f3n del tejido y la confecci\u00f3n de la Ropa Hospitalaria una vez cumplida con esta selecci\u00f3n deben clasificarse seg\u00fan el tipo e intensidad de suciedad y el tipo de fibra, Lo habitual en este tipo de\u00a0 ropa es la mezcla poli\u00e9ster\/Algod\u00f3n. Por lo cual es de suma importancia tener en cuenta las limitaciones de las variables que intervienen en el proceso, a fin de ajustarlas y lograr el equilibrio para obtener la higiene, el saneamiento<br \/>\ny el confort de las prendas.<\/p>\n<p>&nbsp;<\/p>\n<p>La primera que vamos a considerar en este caso es la carga de la m\u00e1quina y el volumen de agua, las dos condicionan la acci\u00f3n mec\u00e1nica, o sea la fricci\u00f3n entre las fibras y el trabajo de impulsi\u00f3n y expulsi\u00f3n de la soluci\u00f3n de lavado por entre las mismas, el coeficiente adecuado lo brinda cada fabricante de maquinas o est\u00e1 a disposici\u00f3n para su consulta, dado que depender\u00e1 del tipo de fibra y del tipo de m\u00e1quina y debemos hacer el c\u00e1lculo adecuado, en resumen y para graficar la situaci\u00f3n si nos excedemos la ropa gira pr\u00e1cticamente en conjunto con el tambor y no existe la imprescindible acci\u00f3n mencionada produciendo un lavado deficiente, como as\u00ed tambi\u00e9n ocurre cuando las prendas flotan y no friccionan entre s\u00ed.<\/p>\n<p>&nbsp;<\/p>\n<p>La segunda que vamos a considerar es la dosis del producto adecuado, aqu\u00ed no puedo hacer referencias espec\u00edficas por la variedad de productos existentes en el mercado, pero si puedo definir lo siguiente, naturalmente el tipo de suciedad que vamos a tratar en esta especialidad est\u00e1 compuesta por: Hemoglobina, Prote\u00ednas\u00a0 t\u00edpica presente en la sangre. L\u00edpidos y grasas naturales, residuos medicamentosos con color o sin color que pueden tener acci\u00f3n reductora u oxidante y seguramente cargas bacteriol\u00f3gicas\u00a0 importantes y en algunos casos con pat\u00f3genos peligrosos.<\/p>\n<p>&nbsp;<\/p>\n<p>En este caso los productos deber\u00e1n tener la capacidad de crenar las prote\u00ednas, saponificar las grasas, dispersar en soluci\u00f3n los residuos combinados ya qu\u00edmicamente y sostener los que solo son removibles por medios f\u00edsicos con la acci\u00f3n de humectaci\u00f3n y detergencia que se traduce en la rotura de la tensi\u00f3n superficial del agua e interfacial de los medios y las fibras para eliminar la suciedad definitivamente de los tejidos y por \u00faltimo la acci\u00f3n Bactericida en productos que act\u00faan como biocidas con agentes de amplio espectro y baja acci\u00f3n residual combinados con los selectivos con grados considerables de residualidad.<\/p>\n<p>&nbsp;<\/p>\n<p>La tercera: La temperatura es en este procedimiento fundamental no debe ser menor a 80 \u00baC, pero deberemos tener cuidado en asegurarnos que los productos que empleamos toleren estas temperaturas por muchos de los principios activos habituales pueden desnaturalizarse y tratar de no superarlo.<\/p>\n<p>La cuarta: es el m\u00e9todo de lavado, en resumen, las etapas a las que voy a someter a la carga, la secuencia, los pre-enjuagues y enjuagues, el tiempo y los productos que empleare en cada una de ellas donde la temperatura juega en rol fundamental, por ejemplo las prendas con alto contenido de sangre deben trabajarse inicialmente en los pre-enjuagues a temperatura ambiente para no fijar el hierro contenido en la\u00a0 sangre. Y los productos y las dosis en cada una.<\/p>\n<p>&nbsp;<\/p>\n<p>La quinta: Es tener claro que primero lavo y luego saneo y blanqueo, habitualmente los sanitizantes se agotan en materia org\u00e1nica y si los hago actuar sobre ropa sucia no se nunca cuanto activo quedo para sanear y se consumi\u00f3 ante la materia org\u00e1nica presente (suciedad residual) peptizando prote\u00ednas y\/0 agot\u00e1ndose en residuos grasos.<\/p>\n<p>&nbsp;<\/p>\n<p>Fundamentalmente conciencia para darnos cuentas que estamos ante una combinaci\u00f3n de variables donde el profesionalismo no se puede evitar.<\/p>\n<p>&nbsp;<\/p>\n<p>Cuidar el agua es vital, en nuestros procesos, se emplea como la materia prima\u00a0 de mayor volumen, por ende la cantidad utilizada es Importante. Debemos concientizarnos en el tratamiento y la recuperaci\u00f3n de la misma.<\/p>\n<p>&nbsp;<\/p>\n<p>Para empezar, debemos considerar el inicio del proceso, en todos los casos cualquiera sea el rubro la experiencia indica, que la conservaci\u00f3n de la calidad solo es posible si atendemos correctamente el comienza como com\u00fanmente se dice \u201cmuy poco es lo que podemos hacer con la calidad de la leche si no cuidamos de la vaca\u201d.<\/p>\n<p>&nbsp;<\/p>\n<p>El comienzo de nuestro proceso se sit\u00faa en la recolecci\u00f3n y clasificaci\u00f3n de las prendas, las mismas deben retirarse de las habitaciones evitando la generaci\u00f3n de pululaci\u00f3n de part\u00edculas y microorganismos por desplazamiento de aire en movimientos bruscos de sabanas, colchas, almohadas toallas.<\/p>\n<p>&nbsp;<\/p>\n<p>La importancia de colocar debidamente las prendas en los recipientes asignados seg\u00fan el tipo de fibra, suciedad, caracter\u00edstica de los residuos a eliminar, que bien pueden ser de \u00e1reas conflictivas, como los sectores donde albergan enfermos con noxas infectocontagiosas.<\/p>\n<p>&nbsp;<\/p>\n<p>Observando con detenimiento esta tarea es donde notaremos que al mismo tiempo de recoger las prendas si ponemos la atenci\u00f3n debida y observamos los requerimientos necesarios tambi\u00e9n las estamos clasificando, donde solo queda el ingreso a la m\u00e1quina lavadora para efectuar el proceso de lavado correcto.<\/p>\n<p>Clasificando en esta etapa evitamos sobre-tiempos, generar sectores de riesgo innecesarios, exponer al personal sin la idoneidad necesaria a la pesca de las prendas, para armar un lavado, con un mont\u00edculo de ropa sucia.<\/p>\n<p>&nbsp;<\/p>\n<p>Eficientizando, la contabilizaci\u00f3n\u00a0 de las prendas por sectores, dado que los recipientes deben estar preparados para volcarse a la m\u00e1quina lavadora sin desembarazarse previamente.<\/p>\n<p>&nbsp;<\/p>\n<p>Luego debemos tener en cuenta, el traslado, El transporte de ropa sucia no debe cruzarse con el de ropa limpia, las bolsas de ropa deber\u00e1n estar herm\u00e9ticamente cerradas y rotuladas, los carros de ropa sucia no deber\u00e1n ser empleados para ropa limpia. La ropa sucia deber\u00e1 ingresar al \u00e1rea de lavado por el sector referente (\u00e1rea sucia) para llevar a cabo el proceso.<\/p>\n<p>&nbsp;<\/p>\n<p>El personal tambi\u00e9n deber\u00e1 estar debidamente protegido y en el proceso no deber\u00e1 tomar contacto con todo lo que tenga que ver con el \u00e1rea limpia.<\/p>\n<p>&nbsp;<\/p>\n<p>En el caso de completar el circuito del proceso con transportes externos, por ejemplo, si debemos trasladar la ropa a un lavadero que presta el servicio de lavado fuera de la instituci\u00f3n, tambi\u00e9n deberemos considerar que el transporte externo de ropa sucia no deber\u00e1 ser el mismo que el de ropa limpia,\u00a0 y los diagramas de traslado interno deber\u00e1n determinarse por caminos diferentes.<\/p>\n<p>&nbsp;<\/p>\n<p>Hasta aqu\u00ed hemos hablado de evitar la re-contaminaci\u00f3n de la ropa limpia y as\u00e9ptica, la prevenci\u00f3n de generar contaminaci\u00f3n cruzada en las instituciones, no solo ropa-ropa, sino tambi\u00e9n ropa-hu\u00e9sped, ropa-personal.<\/p>\n<p>&nbsp;<\/p>\n<p>En los pr\u00f3ximos n\u00fameros, hablaremos de procesos, donde tambi\u00e9n es importante la evaluaci\u00f3n y el por qu\u00e9 de determinadas variables.<\/p>\n\n\t\t<\/div> \n\t<\/div> <div class=\"separator  transparent center  \" style=\"margin-top:110px;margin-bottom:0px;\"><\/div>\n\n\t\t<\/div> \n\t<\/div> \n<\/div><\/div><\/div>\n","protected":false},"excerpt":{"rendered":"Bases Fundamentales del M\u00e9todo de Lavado de Ropa Hospitalaria Por Lic. Daniel Nielsen 02477-15565313\/420877- dnielsen@avccanal6.com.ar Lo principal inicialmente es la selecci\u00f3n del tejido y la confecci\u00f3n de la Ropa Hospitalaria una vez cumplida con esta selecci\u00f3n deben clasificarse seg\u00fan el tipo e intensidad de suciedad...","protected":false},"author":1,"featured_media":0,"parent":0,"menu_order":0,"comment_status":"open","ping_status":"open","template":"full_width.php","meta":{"footnotes":""},"_links":{"self":[{"href":"https:\/\/www.multiservicios.com.ar\/index.php\/wp-json\/wp\/v2\/pages\/14840"}],"collection":[{"href":"https:\/\/www.multiservicios.com.ar\/index.php\/wp-json\/wp\/v2\/pages"}],"about":[{"href":"https:\/\/www.multiservicios.com.ar\/index.php\/wp-json\/wp\/v2\/types\/page"}],"author":[{"embeddable":true,"href":"https:\/\/www.multiservicios.com.ar\/index.php\/wp-json\/wp\/v2\/users\/1"}],"replies":[{"embeddable":true,"href":"https:\/\/www.multiservicios.com.ar\/index.php\/wp-json\/wp\/v2\/comments?post=14840"}],"version-history":[{"count":11,"href":"https:\/\/www.multiservicios.com.ar\/index.php\/wp-json\/wp\/v2\/pages\/14840\/revisions"}],"predecessor-version":[{"id":17197,"href":"https:\/\/www.multiservicios.com.ar\/index.php\/wp-json\/wp\/v2\/pages\/14840\/revisions\/17197"}],"wp:attachment":[{"href":"https:\/\/www.multiservicios.com.ar\/index.php\/wp-json\/wp\/v2\/media?parent=14840"}],"curies":[{"name":"wp","href":"https:\/\/api.w.org\/{rel}","templated":true}]}}