{"id":16176,"date":"2014-04-11T14:56:45","date_gmt":"2014-04-11T14:56:45","guid":{"rendered":"http:\/\/demo.select-themes.com\/nouveau\/?page_id=16176"},"modified":"2026-01-05T10:20:55","modified_gmt":"2026-01-05T13:20:55","slug":"home-5-dark-menu","status":"publish","type":"page","link":"https:\/\/www.multiservicios.com.ar\/","title":{"rendered":"Home 5 \/ Dark Menu"},"content":{"rendered":"<div  data-q_id=\"#counters\"  data-q_title=\"ABOUT US\"  class=\"vc_row wpb_row section vc_row-fluid grid_section in_content_menu\" style='background-color:#ffffff; padding-top:55px; padding-bottom:56px; text-align:center;'><div class=\" section_inner clearfix\"><div class='section_inner_margin clearfix'>\n\t<div class=\"vc_col-sm-12 wpb_column vc_column_container\">\n\t\t<div class=\"wpb_wrapper\">\n\t\t\t<div class=\"q_counter_holder  center boxed_counter\" style=\"\"><div class=\"q_counter_inner\"><span class=\"counter  zero\" data-active_color=\"#080808\" style=\"\">32<\/span><\/div><h4 style=\"\">A\u00f1os brindando la mejor informaci\u00f3n<\/h4><\/div>\n\t\t<\/div> \n\t<\/div> \n<\/div><\/div><\/div><div    class=\"vc_row wpb_row section vc_row-fluid\" style='background-color:#ca7f02; text-align:center;'><div class=\" full_section_inner clearfix\">\n\t<div class=\"vc_col-sm-12 wpb_column vc_column_container\">\n\t\t<div class=\"wpb_wrapper\">\n\t\t\t\n\t<div class=\"wpb_single_image wpb_content_element vc_custom_1714945248220 vc_align_center\">\n\t\t<div>\n\t\t<div class=\"wpb_wrapper\">\n\t\t\t\n\t\t\t<a href=\"http:\/\/www.multiservicios.com.ar\/index.php\/revista-digital\/\" target=\"_self\"><img loading=\"lazy\" decoding=\"async\" class=\" vc_box_border_blue \" src=\"https:\/\/www.multiservicios.com.ar\/wp-content\/uploads\/2014\/04\/placa-447x200.jpg\" width=\"447\" height=\"200\" alt=\"placa\" \/><\/a>\n\t\t<\/div> \n\t\t<\/div>\n\t<\/div> \n\t\t<\/div> \n\t<\/div> \n<\/div><\/div><section  data-q_id=\"#parallax\"  data-q_title=\"PARALLAX\"  data-speed=\"1\" class=\"parallax_section_holder  in_content_menu\" style = \" height:490px; background-image:url('https:\/\/www.multiservicios.com.ar\/wp-content\/uploads\/2014\/04\/parallax_back1.jpg');\"><div class=\"parallax_content left\"><div class='parallax_section_inner_margin clearfix'>\n\t<div class=\"vc_col-sm-12 wpb_column vc_column_container\">\n\t\t<div class=\"wpb_wrapper\">\n\t\t\t<div class=\"separator  transparent center  \" style=\"margin-top:170px;margin-bottom:0px;\"><\/div>\n<div class='testimonials_holder simple clearfix'><div class=\"testimonials with_control purple_control testimonials_carousel\" style=\"\"><ul class=\"slides\"><li id=\"testimonials15528\" class=\"testimonial_content\"><div class=\"testimonial_content_inner\"><div class=\"testimonial_text_holder\"><div class=\"testimonial_text_inner\"><h4 style=\"color: #ffffff;\">El aprendizaje es un simple ap\u00e9ndice de nosotros mismos; dondequiera que estemos, est\u00e1 tambi\u00e9n nuestro aprendizaje<\/h4><h5 style=\"color: #ffffff;\">WILLIAM SHAKESPEARE<\/h5><\/div><\/div><\/div><\/li><li id=\"testimonials15527\" class=\"testimonial_content\"><div class=\"testimonial_content_inner\"><div class=\"testimonial_text_holder\"><div class=\"testimonial_text_inner\"><h4 style=\"color: #ffffff;\">En realidad las cosas verdaderamente dif\u00edciles son todo lo que la gente cree poder hacer a cada momento.<\/h4><h5 style=\"color: #ffffff;\">JULIO CORT\u00c1ZAR<\/h5><\/div><\/div><\/div><\/li><li id=\"testimonials14790\" class=\"testimonial_content\"><div class=\"testimonial_content_inner\"><div class=\"testimonial_text_holder\"><div class=\"testimonial_text_inner\"><h4 style=\"color: #ffffff;\">Las grandes ideas son aquellas de las que lo \u00fanico que nos sorprende es que no se nos hayan ocurrido antes.<\/h4><h5 style=\"color: #ffffff;\">NOEL CLARAS\u00d3<\/h5><\/div><\/div><\/div><\/li><\/ul><\/div><\/div><div class=\"separator  transparent center  \" style=\"margin-top:170px;margin-bottom:0px;\"><\/div>\n\n\t\t<\/div> \n\t<\/div> \n<\/div><\/div><\/section>\n","protected":false},"excerpt":{"rendered":"","protected":false},"author":1,"featured_media":0,"parent":0,"menu_order":0,"comment_status":"open","ping_status":"open","template":"full_width.php","meta":{"footnotes":""},"_links":{"self":[{"href":"https:\/\/www.multiservicios.com.ar\/index.php\/wp-json\/wp\/v2\/pages\/16176"}],"collection":[{"href":"https:\/\/www.multiservicios.com.ar\/index.php\/wp-json\/wp\/v2\/pages"}],"about":[{"href":"https:\/\/www.multiservicios.com.ar\/index.php\/wp-json\/wp\/v2\/types\/page"}],"author":[{"embeddable":true,"href":"https:\/\/www.multiservicios.com.ar\/index.php\/wp-json\/wp\/v2\/users\/1"}],"replies":[{"embeddable":true,"href":"https:\/\/www.multiservicios.com.ar\/index.php\/wp-json\/wp\/v2\/comments?post=16176"}],"version-history":[{"count":109,"href":"https:\/\/www.multiservicios.com.ar\/index.php\/wp-json\/wp\/v2\/pages\/16176\/revisions"}],"predecessor-version":[{"id":19167,"href":"https:\/\/www.multiservicios.com.ar\/index.php\/wp-json\/wp\/v2\/pages\/16176\/revisions\/19167"}],"wp:attachment":[{"href":"https:\/\/www.multiservicios.com.ar\/index.php\/wp-json\/wp\/v2\/media?parent=16176"}],"curies":[{"name":"wp","href":"https:\/\/api.w.org\/{rel}","templated":true}]}}